{"id":321,"date":"2013-04-30T21:34:11","date_gmt":"2013-04-30T19:34:11","guid":{"rendered":"http:\/\/blog.cfxxl.de\/?page_id=321"},"modified":"2020-04-10T00:08:28","modified_gmt":"2020-04-09T22:08:28","slug":"erweiterte-render-engine-optionen","status":"publish","type":"page","link":"https:\/\/blog.cfxxl.de\/index.php\/anleitungen\/erweiterte-render-engine-optionen\/","title":{"rendered":"erweiterte Render-Engine Optionen"},"content":{"rendered":"<p>Mit Version 1.5.4. enth\u00e4lt TSNotifier eine neue Render-Engine, die einige neue Optionen bringt, die ich hier kurz vorstellen m\u00f6chte. All diese Optionen m\u00fcssen in der gamesettings.ini (Rechtsklick auf Tray-Icon und dann <em>gamesettings.ini bearbeiten&#8230;<\/em>) gemacht werden. Um die Einstellungen f\u00fcr alle Spiele gleichzeitig zu setzen k\u00f6nnt ihr den <em>[default]<\/em> Abschnitt nutzen.<br \/>\n<code>[default]<br \/>\nfont.size=24<br \/>\next.avatar.show=1<br \/>\next.font.outlinewidth=0<br \/>\next.font.outlinecolor=0xFF000000<\/code><\/p>\n<p><strong>ext.font.outlinewidth<\/strong><br \/>\nMit dieser Option k\u00f6nnt ihr dem Overlay eine Text-Umrandung hinzuf\u00fcgen. Als Wert muss die gew\u00fcnschte Breite der Umrandung angegeben werden.<br \/>\nBeispiel:<br \/>\n<code>[game.exe]<br \/>\ngame.enabled=1<br \/>\nfont.size=24<br \/>\next.font.outlinewidth=3<\/code><br \/>\n<a href=\"https:\/\/blog.cfxxl.de\/wp-content\/uploads\/2013\/04\/outline1.png\"><img loading=\"lazy\" decoding=\"async\" class=\"alignnone wp-image-322 size-full\" src=\"https:\/\/blog.cfxxl.de\/wp-content\/uploads\/2013\/04\/outline1.png\" alt=\"outline1\" width=\"219\" height=\"59\" \/><\/a><\/p>\n<p><strong>ext.font.outlinecolor<\/strong><br \/>\nMit dieser Option legt ihr die Farbe der Umrandung fest. Die Farbe muss als Haxadezimal-Zahl im Format 0xAARRGGBB (AA=Alpha\/Sichtbarkeit;RR=Rotanteil;GG=Gr\u00fcnanteil;BB=Blauanteil) angegeben werden.<br \/>\nBeispiel:<br \/>\n<code>[game.exe]<br \/>\ngame.enabled=1<br \/>\nfont.size=24<br \/>\next.font.outlinewidth=5<br \/>\next.font.outlinecolor=0xFFFF0000<\/code><br \/>\n<a href=\"https:\/\/blog.cfxxl.de\/wp-content\/uploads\/2013\/04\/outline2.png\"><img loading=\"lazy\" decoding=\"async\" class=\"alignnone wp-image-324 size-full\" src=\"https:\/\/blog.cfxxl.de\/wp-content\/uploads\/2013\/04\/outline2.png\" alt=\"outline2\" width=\"222\" height=\"66\" \/><\/a><\/p>\n<p><strong>ext.font.outlinecolorOuter<\/strong><br \/>\nMit dieser Option legt ihr die \u00e4u\u00dfere Farbe der Umrandung fest. Hiermit k\u00f6nnt ihr der Schrift eine Art Leuchteffekt verpassen. Die Farbe muss als Haxadezimal-Zahl im Format 0xAARRGGBB (AA=Alpha\/Sichtbarkeit;RR=Rotanteil;GG=Gr\u00fcnanteil;BB=Blauanteil) angegeben werden.<br \/>\nBeispiel:<br \/>\n<code>[game.exe]<br \/>\ngame.enabled=1<br \/>\nfont.size=24<br \/>\next.font.outlinewidth=8<br \/>\next.font.outlinecolor=0xFF000000<br \/>\next.font.outlinecolorOuter=0xFFFFFFFF<\/code><br \/>\n<a href=\"https:\/\/blog.cfxxl.de\/wp-content\/uploads\/2013\/04\/outline3.png\"><img loading=\"lazy\" decoding=\"async\" class=\"alignnone wp-image-329 size-full\" src=\"https:\/\/blog.cfxxl.de\/wp-content\/uploads\/2013\/04\/outline3.png\" alt=\"outline3\" width=\"229\" height=\"72\" \/><\/a><\/p>\n<p><strong>ext.avatar.show<\/strong><br \/>\nMit dieser Option lasst ihr euch die Avatare der Sprecher im Overlay anzeigen lassen.<br \/>\nBeispiel:<br \/>\n<code>[game.exe]<br \/>\ngame.enabled=1<br \/>\nfont.size=24<br \/>\next.avatar.show=1<\/code><br \/>\n<a href=\"https:\/\/blog.cfxxl.de\/wp-content\/uploads\/2013\/04\/outline4.png\"><img loading=\"lazy\" decoding=\"async\" class=\"alignnone wp-image-330 size-full\" src=\"https:\/\/blog.cfxxl.de\/wp-content\/uploads\/2013\/04\/outline4.png\" alt=\"outline4\" width=\"225\" height=\"62\" \/><\/a><\/p>\n","protected":false},"excerpt":{"rendered":"<p>Mit Version 1.5.4. enth\u00e4lt TSNotifier eine neue Render-Engine, die einige neue Optionen bringt, die ich hier kurz vorstellen m\u00f6chte. All diese Optionen m\u00fcssen in der gamesettings.ini (Rechtsklick auf Tray-Icon und dann gamesettings.ini bearbeiten&#8230;) gemacht werden. Um die Einstellungen f\u00fcr alle Spiele gleichzeitig zu setzen k\u00f6nnt ihr den [default] Abschnitt nutzen. [default] font.size=24 ext.avatar.show=1 ext.font.outlinewidth=0 ext.font.outlinecolor=0xFF000000 &hellip; <a href=\"https:\/\/blog.cfxxl.de\/index.php\/anleitungen\/erweiterte-render-engine-optionen\/\" class=\"more-link\"><span class=\"screen-reader-text\">erweiterte Render-Engine Optionen<\/span> weiterlesen <span class=\"meta-nav\">&rarr;<\/span><\/a><\/p>\n","protected":false},"author":1,"featured_media":0,"parent":82,"menu_order":1,"comment_status":"open","ping_status":"open","template":"","meta":{"footnotes":""},"class_list":["post-321","page","type-page","status-publish","hentry"],"_links":{"self":[{"href":"https:\/\/blog.cfxxl.de\/index.php\/wp-json\/wp\/v2\/pages\/321","targetHints":{"allow":["GET"]}}],"collection":[{"href":"https:\/\/blog.cfxxl.de\/index.php\/wp-json\/wp\/v2\/pages"}],"about":[{"href":"https:\/\/blog.cfxxl.de\/index.php\/wp-json\/wp\/v2\/types\/page"}],"author":[{"embeddable":true,"href":"https:\/\/blog.cfxxl.de\/index.php\/wp-json\/wp\/v2\/users\/1"}],"replies":[{"embeddable":true,"href":"https:\/\/blog.cfxxl.de\/index.php\/wp-json\/wp\/v2\/comments?post=321"}],"version-history":[{"count":11,"href":"https:\/\/blog.cfxxl.de\/index.php\/wp-json\/wp\/v2\/pages\/321\/revisions"}],"predecessor-version":[{"id":587,"href":"https:\/\/blog.cfxxl.de\/index.php\/wp-json\/wp\/v2\/pages\/321\/revisions\/587"}],"up":[{"embeddable":true,"href":"https:\/\/blog.cfxxl.de\/index.php\/wp-json\/wp\/v2\/pages\/82"}],"wp:attachment":[{"href":"https:\/\/blog.cfxxl.de\/index.php\/wp-json\/wp\/v2\/media?parent=321"}],"curies":[{"name":"wp","href":"https:\/\/api.w.org\/{rel}","templated":true}]}}