{"id":65,"date":"2010-08-18T12:23:45","date_gmt":"2010-08-18T10:23:45","guid":{"rendered":"http:\/\/blog.cfxxl.de\/index.php\/"},"modified":"2017-05-01T11:29:31","modified_gmt":"2017-05-01T09:29:31","slug":"anleitung-ts-notifier","status":"publish","type":"page","link":"https:\/\/blog.cfxxl.de\/index.php\/anleitungen\/anleitung-ts-notifier\/","title":{"rendered":"Anleitung: TSNotifier"},"content":{"rendered":"<h2>Inhalt<\/h2>\n<p><a href=\"#p_1\">1. Vorbereitung<\/a><br \/>\n<a href=\"#p_1_1\">1.1. Download<\/a><br \/>\n<a href=\"#p_1_2\">1.2. Installation<\/a><br \/>\n<a href=\"#p_1_3\">1.3. TeamSpeak 3 vorbereiten<\/a><br \/>\n<a href=\"#p_1_3_1\">1.3.1. Helper Plugin manuell installieren<\/a><br \/>\n<a href=\"#p_2\">2. Bedienung<\/a><br \/>\n<a href=\"#p_2_1\">2.1. Programmstart<\/a><br \/>\n<a href=\"#p_2_2\">2.2. Konfiguration<\/a><br \/>\n<a href=\"#p_2_3\">2.3. Spiel zu Whitelist hinzuf\u00fcgen<\/a><\/p>\n<h2><a name=\"p_1\"><\/a>1. Vorbereitung<\/h2>\n<h3><a name=\"p_1_1\"><\/a>1.1. Download<\/h3>\n<p>Die aktuellste Version vom TSNotifier gibt es immer auf <a href=\"http:\/\/tsnotifier.cfxxl.de\">http:\/\/tsnotifier.cfxxl.de<\/a>. Von hier ben\u00f6tigt Ihr entweder die Installer-Version oder die zip-Version.<\/p>\n<h3><a name=\"p_1_2\"><\/a>1.2. Installation<\/h3>\n<p>Installer-Version: Einfach per Doppelklick starten und installieren. Die Installation selbst sollte ziemlich selbsterkl\u00e4rend sein.<br \/>\nzip-Version: den Ordner irgendwohin entpacken.<\/p>\n<h3><a name=\"p_1_3\"><\/a>1.3. TeamSpeak 3 vorbereiten<\/h3>\n<p>Damit TSNotifier mit TeamSpeak 3 funktioniert, m\u00fcsst ihr noch das TSNotifier HelperPlugin installieren. Seit Version 1.3.9 sollte das Helper Plugin automatisch bei der Installation von TSNotifier installiert werden. Nur wenn dies aus irgendeinem Grund nicht klappen sollte, braucht Ihr den n\u00e4chsten Abschnitt beachten.<\/p>\n<h4><a name=\"p_1_3_1\"><\/a>1.3.1. Helper Plugin manuell installieren<\/h4>\n<h5>Variante 1:<\/h5>\n<p>Macht einen Rechtsklick auf das Taskleisten-Symbol von TSNotifier und klickt <em>HelperPlugins aktualisieren&#8230;<\/em>. Sollte das auch nicht funktionieren nutzt Variante 2.<\/p>\n<h5>Variante 2:<\/h5>\n<p>Ladet das Helper Plugin von <a href=\"http:\/\/tsnotifier.cfxxl.de\">http:\/\/tsnotifier.cfxxl.de<\/a> herunter. <del datetime=\"2017-02-03T19:29:58+00:00\">\u00d6ffnet die zip Datei und kopiert die 2 Dateien in den TeamSpeak 3 Plugin-Ordner (<em>C:\\Program Files\\TeamSpeak3\\plugins\\<\/em>).<\/del> \u00d6ffnet die zip Datei und entpackt die Datei, die zu eurer TeamSpeak 3 Installation (32\/64bit) passt, an einen geeigneten Ort (z.B. auf den Desktop). Auf diese entpackte Datei macht ihr nun einen Doppelklick, wodurch das Plugin installiert werden sollte. Anschlie\u00dfend startet ihr TS3 und geht auf <em>Extras &#8211; Optionen &#8211; Erweiterungen<\/em>. Aktiviert hier das TSNotifier HelperPlugin (wenn n\u00f6tig). Nun funktioniert TSNotifier auch mit TeamSpeak 3.<\/p>\n<h2><a name=\"p_2\"><\/a>2. Bedienung<\/h2>\n<h3><a name=\"p_2_1\"><\/a>2.1. Programmstart<\/h3>\n<p>Wenn Ihr den Installer benutzt habt, sollte es im Startmen\u00fc eine neue Programmgruppe f\u00fcr TSNotifier geben. Klickt hier einfach auf die Verkn\u00fcpfung zum TSNotifier um das Programm zu starten.<br \/>\nHabt ihr stattdessen die zip-Datei benutzt m\u00fcsst ihr den Ordner \u00f6ffnen und die TSNotifier.exe starten (die TSNotifier_64.exe solltet ihr <strong>NICHT<\/strong> direkt starten).<br \/>\nEgal wie ihr das Programm startet, in der Taskleiste sollte ein neues Symbol im System-Tray (neben der Uhr) erscheinen.<\/p>\n<h3><a name=\"p_2_2\"><\/a>2.2. Konfiguration<\/h3>\n<p>Das Taskleisten-Symbol bietet mit einem Rechts-Klick ein Kontext-Men\u00fc, \u00fcber das verschiedene Einstellungen gemacht werden k\u00f6nnen. Hier k\u00f6nnen z.B. die Sprache von Englisch auf Deutsch gestellt, die Anzeigefarben und die Anzeige-Positionen f\u00fcr Sprecher ver\u00e4ndert werden.<\/p>\n<h3><a name=\"p_2_3\"><\/a>2.3. Spiel zu Whitelist hinzuf\u00fcgen<\/h3>\n<p>Damit TSNotifier \u00fcberhaupt etwas in einem Spiel anzeigen kann, muss dieses Spiel auf der Whitelist stehen. Um ein Spiel auf diese Whitelist zu setzen geht ihr wie folgt vor:<\/p>\n<ol>\n<li>Startet TSNotifier, wenn noch nicht geschehen.<\/li>\n<li>Startet das Spiel.<\/li>\n<li>Beendet das Spiel.<\/li>\n<li>Macht einen Rechtsklick auf das Taskleisten-Symbol und w\u00e4hlt <em>gamesettings bearbeiten&#8230;<\/em><\/li>\n<li>Nun \u00f6ffnet sich ein Editor-Fenster mit der gamesettings.ini. Diese hat folgenden Aufbau:\n<pre>[spiel.exe]\r\ngame.enabled=0<\/pre>\n<\/li>\n<li>Einer letzten Eintr\u00e4ge sollte bereits zu eurem Spiel geh\u00f6ren. Setzt hier einfach game.enabled auf 1.\n<pre>[spiel.exe]\r\ngame.enabled=1<\/pre>\n<p>&nbsp;<\/p>\n<p><strong>Wichtig: <\/strong>Sollte das Spiel beim Starten nach Administrator-Rechten verlangen, muss auch TSNotifier als Administrator gestartet werden.<strong><br \/>\nWichtig:<\/strong> Hier tauchen auch Launcher\/Startprogramme f\u00fcr Spiele auf, diese m\u00fcssen i.d.R. <strong>NICHT<\/strong> aktiviert werden. Nur das eigentliche Spiel sollte aktiviert werden.<\/li>\n<li>Startet nun wieder euer Spiel. Direkt nach dem Start sollte bereits ein Schriftzug am oberen Bildschirm-Rand zu sehen sein, der euch darauf hinweist, dass TSNotifier aktiv ist.<\/li>\n<\/ol>\n","protected":false},"excerpt":{"rendered":"<p>Inhalt 1. Vorbereitung 1.1. Download 1.2. Installation 1.3. TeamSpeak 3 vorbereiten 1.3.1. Helper Plugin manuell installieren 2. Bedienung 2.1. Programmstart 2.2. Konfiguration 2.3. Spiel zu Whitelist hinzuf\u00fcgen 1. Vorbereitung 1.1. Download Die aktuellste Version vom TSNotifier gibt es immer auf http:\/\/tsnotifier.cfxxl.de. Von hier ben\u00f6tigt Ihr entweder die Installer-Version oder die zip-Version. 1.2. Installation Installer-Version: Einfach &hellip; <a href=\"https:\/\/blog.cfxxl.de\/index.php\/anleitungen\/anleitung-ts-notifier\/\" class=\"more-link\"><span class=\"screen-reader-text\">Anleitung: TSNotifier<\/span> weiterlesen <span class=\"meta-nav\">&rarr;<\/span><\/a><\/p>\n","protected":false},"author":1,"featured_media":0,"parent":82,"menu_order":0,"comment_status":"open","ping_status":"open","template":"","meta":{"footnotes":""},"class_list":["post-65","page","type-page","status-publish","hentry"],"_links":{"self":[{"href":"https:\/\/blog.cfxxl.de\/index.php\/wp-json\/wp\/v2\/pages\/65","targetHints":{"allow":["GET"]}}],"collection":[{"href":"https:\/\/blog.cfxxl.de\/index.php\/wp-json\/wp\/v2\/pages"}],"about":[{"href":"https:\/\/blog.cfxxl.de\/index.php\/wp-json\/wp\/v2\/types\/page"}],"author":[{"embeddable":true,"href":"https:\/\/blog.cfxxl.de\/index.php\/wp-json\/wp\/v2\/users\/1"}],"replies":[{"embeddable":true,"href":"https:\/\/blog.cfxxl.de\/index.php\/wp-json\/wp\/v2\/comments?post=65"}],"version-history":[{"count":31,"href":"https:\/\/blog.cfxxl.de\/index.php\/wp-json\/wp\/v2\/pages\/65\/revisions"}],"predecessor-version":[{"id":530,"href":"https:\/\/blog.cfxxl.de\/index.php\/wp-json\/wp\/v2\/pages\/65\/revisions\/530"}],"up":[{"embeddable":true,"href":"https:\/\/blog.cfxxl.de\/index.php\/wp-json\/wp\/v2\/pages\/82"}],"wp:attachment":[{"href":"https:\/\/blog.cfxxl.de\/index.php\/wp-json\/wp\/v2\/media?parent=65"}],"curies":[{"name":"wp","href":"https:\/\/api.w.org\/{rel}","templated":true}]}}